{"id":4942,"date":"2023-09-20T15:48:45","date_gmt":"2023-09-20T13:48:45","guid":{"rendered":"https:\/\/www.staging.laksmicrystal.com\/?post_type=product&#038;p=4942"},"modified":"2025-04-23T10:07:27","modified_gmt":"2025-04-23T08:07:27","slug":"pietra-di-luna","status":"publish","type":"product","link":"https:\/\/www.staging.laksmicrystal.com\/en\/prodotto\/pietra-di-luna\/","title":{"rendered":"Pietra di Luna"},"content":{"rendered":"<p>Pietra di Luna<\/p>\n<p>La pietra di luna \u00e8 un cristallo magico che vi rimette in contatto con il divino femminile e la dea interiore. Per quei giorni in cui vi sentite irrimediabilmente persi o privi di ispirazione, ricordate il potere che avete dentro di voi. Liberate il vostro potenziale e risplendete con possibilit\u00e0 illimitate. Vi aiuta a sbloccare l&#8217;energia della Luna che risiede in voi, mantenendovi in uno stato di maggiore equilibrio e tranquillit\u00e0. Essendo strettamente associata alla luna e al potere femminile, la pietra di luna si \u00e8 guadagnata la reputazione di essere uno dei cristalli pi\u00f9 potenti per la fertilit\u00e0, se state cercando di migliorare la fertilit\u00e0, di far nascere un nuovo progetto o semplicemente di ricominciare, la pietra di luna \u00e8 la pietra dei nuovi inizi. Collegandovi con l&#8217;energia del divino femminile, vi aiuta a sbloccare l&#8217;energia della Luna che risiede in voi per aiutarvi a diventare pi\u00f9 in sintonia con voi stessi<\/p>\n<p><span class=\"TextRun SCXW150548763 BCX0\" lang=\"IT-IT\" xml:lang=\"IT-IT\" data-contrast=\"auto\"><span class=\"NormalTextRun SCXW150548763 BCX0\">Pietra dell\u2019apertura e ricettivit\u00e0 totale, molto addolcente e calmante, riequilibra i nostri cicli fisiologici, pietra del concepimento, non nel senso esclusivo di bambini, ma inteso per concepire qualsiasi cosa, un&#8217;idea, un&#8217;azione, ci prepara aiutandoci a ricevere quello che poi ci far\u00e0 concepire l\u2019idea originale, quando si desidera trasformare i propri sogni in realt\u00e0, la pietra di luna \u00e8 la pietra a cui rivolgersi. Lavorare con la pietra di luna vi aiuta a dare vita ai vostri obiettivi, ripulendo la mente dalle emozioni negative che vi bloccano.<\/span><\/span><\/p>\n<p>Origine: India<\/p>\n<p>Peso: 130 gr.<\/p>\n","protected":false},"excerpt":{"rendered":"<p>Pietra di Luna La pietra di luna \u00e8 un cristallo magico che vi rimette in contatto con il divino femminile e la dea interiore. Per quei giorni in cui vi sentite irrimediabilmente persi o privi di ispirazione, ricordate il potere che avete dentro di voi. Liberate il vostro potenziale e risplendete con possibilit\u00e0 illimitate. Vi [&hellip;]<\/p>\n","protected":false},"featured_media":4943,"template":"","meta":[],"product_brand":[],"product_cat":[18,93],"product_tag":[],"class_list":{"0":"post-4942","1":"product","2":"type-product","3":"status-publish","4":"has-post-thumbnail","6":"product_cat-cristalli","7":"product_cat-cristalli-bianchi","9":"first","10":"outofstock","11":"sold-individually","12":"taxable","13":"shipping-taxable","14":"purchasable","15":"product-type-simple"},"yoast_head":"<!-- This site is optimized with the Yoast SEO plugin v25.5 - https:\/\/yoast.com\/wordpress\/plugins\/seo\/ -->\n<title>Pietra di Luna | Laksmi Crystal<\/title>\n<meta name=\"robots\" content=\"noindex, follow, max-snippet:-1, max-image-preview:large, max-video-preview:-1\" \/>\n<meta property=\"og:locale\" content=\"en_US\" \/>\n<meta property=\"og:type\" content=\"article\" \/>\n<meta property=\"og:title\" content=\"Pietra di Luna | Laksmi Crystal\" \/>\n<meta property=\"og:description\" content=\"Pietra di Luna La pietra di luna \u00e8 un cristallo magico che vi rimette in contatto con il divino femminile e la dea interiore. Per quei giorni in cui vi sentite irrimediabilmente persi o privi di ispirazione, ricordate il potere che avete dentro di voi. Liberate il vostro potenziale e risplendete con possibilit\u00e0 illimitate. Vi [&hellip;]\" \/>\n<meta property=\"og:url\" content=\"https:\/\/www.staging.laksmicrystal.com\/prodotto\/pietra-di-luna\/\" \/>\n<meta property=\"og:site_name\" content=\"Laksmi Crystal\" \/>\n<meta property=\"article:publisher\" content=\"https:\/\/www.facebook.com\/Laksmicrystal\" \/>\n<meta property=\"article:modified_time\" content=\"2025-04-23T08:07:27+00:00\" \/>\n<meta property=\"og:image\" content=\"https:\/\/www.staging.laksmicrystal.com\/wp-content\/uploads\/2023\/09\/Pietrra-di-Luna-1.jpeg\" \/>\n\t<meta property=\"og:image:width\" content=\"576\" \/>\n\t<meta property=\"og:image:height\" content=\"1024\" \/>\n\t<meta property=\"og:image:type\" content=\"image\/jpeg\" \/>\n<meta name=\"twitter:card\" content=\"summary_large_image\" \/>\n<meta name=\"twitter:label1\" content=\"Est. reading time\" \/>\n\t<meta name=\"twitter:data1\" content=\"1 minute\" \/>\n<script type=\"application\/ld+json\" class=\"yoast-schema-graph\">{\"@context\":\"https:\/\/schema.org\",\"@graph\":[{\"@type\":\"WebPage\",\"@id\":\"https:\/\/www.staging.laksmicrystal.com\/prodotto\/pietra-di-luna\/\",\"url\":\"https:\/\/www.staging.laksmicrystal.com\/prodotto\/pietra-di-luna\/\",\"name\":\"Pietra di Luna | Laksmi Crystal\",\"isPartOf\":{\"@id\":\"https:\/\/www.staging.laksmicrystal.com\/#website\"},\"primaryImageOfPage\":{\"@id\":\"https:\/\/www.staging.laksmicrystal.com\/prodotto\/pietra-di-luna\/#primaryimage\"},\"image\":{\"@id\":\"https:\/\/www.staging.laksmicrystal.com\/prodotto\/pietra-di-luna\/#primaryimage\"},\"thumbnailUrl\":\"https:\/\/i0.wp.com\/www.staging.laksmicrystal.com\/wp-content\/uploads\/2023\/09\/Pietrra-di-Luna-1.jpeg?fit=576%2C1024&ssl=1\",\"datePublished\":\"2023-09-20T13:48:45+00:00\",\"dateModified\":\"2025-04-23T08:07:27+00:00\",\"breadcrumb\":{\"@id\":\"https:\/\/www.staging.laksmicrystal.com\/prodotto\/pietra-di-luna\/#breadcrumb\"},\"inLanguage\":\"en-US\",\"potentialAction\":[{\"@type\":\"ReadAction\",\"target\":[\"https:\/\/www.staging.laksmicrystal.com\/prodotto\/pietra-di-luna\/\"]}]},{\"@type\":\"ImageObject\",\"inLanguage\":\"en-US\",\"@id\":\"https:\/\/www.staging.laksmicrystal.com\/prodotto\/pietra-di-luna\/#primaryimage\",\"url\":\"https:\/\/i0.wp.com\/www.staging.laksmicrystal.com\/wp-content\/uploads\/2023\/09\/Pietrra-di-Luna-1.jpeg?fit=576%2C1024&ssl=1\",\"contentUrl\":\"https:\/\/i0.wp.com\/www.staging.laksmicrystal.com\/wp-content\/uploads\/2023\/09\/Pietrra-di-Luna-1.jpeg?fit=576%2C1024&ssl=1\",\"width\":576,\"height\":1024},{\"@type\":\"BreadcrumbList\",\"@id\":\"https:\/\/www.staging.laksmicrystal.com\/prodotto\/pietra-di-luna\/#breadcrumb\",\"itemListElement\":[{\"@type\":\"ListItem\",\"position\":1,\"name\":\"Home\",\"item\":\"https:\/\/www.staging.laksmicrystal.com\/en\/home\/\"},{\"@type\":\"ListItem\",\"position\":2,\"name\":\"Shop\",\"item\":\"https:\/\/www.staging.laksmicrystal.com\/en\/shop\/\"},{\"@type\":\"ListItem\",\"position\":3,\"name\":\"Pietra di Luna\"}]},{\"@type\":\"WebSite\",\"@id\":\"https:\/\/www.staging.laksmicrystal.com\/#website\",\"url\":\"https:\/\/www.staging.laksmicrystal.com\/\",\"name\":\"Laksmi Crystal\",\"description\":\"Eleva il tuo stile di vita\",\"publisher\":{\"@id\":\"https:\/\/www.staging.laksmicrystal.com\/#organization\"},\"potentialAction\":[{\"@type\":\"SearchAction\",\"target\":{\"@type\":\"EntryPoint\",\"urlTemplate\":\"https:\/\/www.staging.laksmicrystal.com\/?s={search_term_string}\"},\"query-input\":{\"@type\":\"PropertyValueSpecification\",\"valueRequired\":true,\"valueName\":\"search_term_string\"}}],\"inLanguage\":\"en-US\"},{\"@type\":\"Organization\",\"@id\":\"https:\/\/www.staging.laksmicrystal.com\/#organization\",\"name\":\"Laksmi Crystal\",\"url\":\"https:\/\/www.staging.laksmicrystal.com\/\",\"logo\":{\"@type\":\"ImageObject\",\"inLanguage\":\"en-US\",\"@id\":\"https:\/\/www.staging.laksmicrystal.com\/#\/schema\/logo\/image\/\",\"url\":\"https:\/\/i0.wp.com\/laksmicrystal.com\/wp-content\/uploads\/2021\/08\/favicon-laksmi-02.png?fit=512%2C513&ssl=1\",\"contentUrl\":\"https:\/\/i0.wp.com\/laksmicrystal.com\/wp-content\/uploads\/2021\/08\/favicon-laksmi-02.png?fit=512%2C513&ssl=1\",\"width\":512,\"height\":513,\"caption\":\"Laksmi Crystal\"},\"image\":{\"@id\":\"https:\/\/www.staging.laksmicrystal.com\/#\/schema\/logo\/image\/\"},\"sameAs\":[\"https:\/\/www.facebook.com\/Laksmicrystal\",\"https:\/\/www.instagram.com\/laksmicrystal\/\"]}]}<\/script>\n<!-- \/ Yoast SEO plugin. -->","yoast_head_json":{"title":"Pietra di Luna | Laksmi Crystal","robots":{"index":"noindex","follow":"follow","max-snippet":"max-snippet:-1","max-image-preview":"max-image-preview:large","max-video-preview":"max-video-preview:-1"},"og_locale":"en_US","og_type":"article","og_title":"Pietra di Luna | Laksmi Crystal","og_description":"Pietra di Luna La pietra di luna \u00e8 un cristallo magico che vi rimette in contatto con il divino femminile e la dea interiore. Per quei giorni in cui vi sentite irrimediabilmente persi o privi di ispirazione, ricordate il potere che avete dentro di voi. Liberate il vostro potenziale e risplendete con possibilit\u00e0 illimitate. Vi [&hellip;]","og_url":"https:\/\/www.staging.laksmicrystal.com\/prodotto\/pietra-di-luna\/","og_site_name":"Laksmi Crystal","article_publisher":"https:\/\/www.facebook.com\/Laksmicrystal","article_modified_time":"2025-04-23T08:07:27+00:00","og_image":[{"width":576,"height":1024,"url":"https:\/\/www.staging.laksmicrystal.com\/wp-content\/uploads\/2023\/09\/Pietrra-di-Luna-1.jpeg","type":"image\/jpeg"}],"twitter_card":"summary_large_image","twitter_misc":{"Est. reading time":"1 minute"},"schema":{"@context":"https:\/\/schema.org","@graph":[{"@type":"WebPage","@id":"https:\/\/www.staging.laksmicrystal.com\/prodotto\/pietra-di-luna\/","url":"https:\/\/www.staging.laksmicrystal.com\/prodotto\/pietra-di-luna\/","name":"Pietra di Luna | Laksmi Crystal","isPartOf":{"@id":"https:\/\/www.staging.laksmicrystal.com\/#website"},"primaryImageOfPage":{"@id":"https:\/\/www.staging.laksmicrystal.com\/prodotto\/pietra-di-luna\/#primaryimage"},"image":{"@id":"https:\/\/www.staging.laksmicrystal.com\/prodotto\/pietra-di-luna\/#primaryimage"},"thumbnailUrl":"https:\/\/i0.wp.com\/www.staging.laksmicrystal.com\/wp-content\/uploads\/2023\/09\/Pietrra-di-Luna-1.jpeg?fit=576%2C1024&ssl=1","datePublished":"2023-09-20T13:48:45+00:00","dateModified":"2025-04-23T08:07:27+00:00","breadcrumb":{"@id":"https:\/\/www.staging.laksmicrystal.com\/prodotto\/pietra-di-luna\/#breadcrumb"},"inLanguage":"en-US","potentialAction":[{"@type":"ReadAction","target":["https:\/\/www.staging.laksmicrystal.com\/prodotto\/pietra-di-luna\/"]}]},{"@type":"ImageObject","inLanguage":"en-US","@id":"https:\/\/www.staging.laksmicrystal.com\/prodotto\/pietra-di-luna\/#primaryimage","url":"https:\/\/i0.wp.com\/www.staging.laksmicrystal.com\/wp-content\/uploads\/2023\/09\/Pietrra-di-Luna-1.jpeg?fit=576%2C1024&ssl=1","contentUrl":"https:\/\/i0.wp.com\/www.staging.laksmicrystal.com\/wp-content\/uploads\/2023\/09\/Pietrra-di-Luna-1.jpeg?fit=576%2C1024&ssl=1","width":576,"height":1024},{"@type":"BreadcrumbList","@id":"https:\/\/www.staging.laksmicrystal.com\/prodotto\/pietra-di-luna\/#breadcrumb","itemListElement":[{"@type":"ListItem","position":1,"name":"Home","item":"https:\/\/www.staging.laksmicrystal.com\/en\/home\/"},{"@type":"ListItem","position":2,"name":"Shop","item":"https:\/\/www.staging.laksmicrystal.com\/en\/shop\/"},{"@type":"ListItem","position":3,"name":"Pietra di Luna"}]},{"@type":"WebSite","@id":"https:\/\/www.staging.laksmicrystal.com\/#website","url":"https:\/\/www.staging.laksmicrystal.com\/","name":"Laksmi Crystal","description":"Eleva il tuo stile di vita","publisher":{"@id":"https:\/\/www.staging.laksmicrystal.com\/#organization"},"potentialAction":[{"@type":"SearchAction","target":{"@type":"EntryPoint","urlTemplate":"https:\/\/www.staging.laksmicrystal.com\/?s={search_term_string}"},"query-input":{"@type":"PropertyValueSpecification","valueRequired":true,"valueName":"search_term_string"}}],"inLanguage":"en-US"},{"@type":"Organization","@id":"https:\/\/www.staging.laksmicrystal.com\/#organization","name":"Laksmi Crystal","url":"https:\/\/www.staging.laksmicrystal.com\/","logo":{"@type":"ImageObject","inLanguage":"en-US","@id":"https:\/\/www.staging.laksmicrystal.com\/#\/schema\/logo\/image\/","url":"https:\/\/i0.wp.com\/laksmicrystal.com\/wp-content\/uploads\/2021\/08\/favicon-laksmi-02.png?fit=512%2C513&ssl=1","contentUrl":"https:\/\/i0.wp.com\/laksmicrystal.com\/wp-content\/uploads\/2021\/08\/favicon-laksmi-02.png?fit=512%2C513&ssl=1","width":512,"height":513,"caption":"Laksmi Crystal"},"image":{"@id":"https:\/\/www.staging.laksmicrystal.com\/#\/schema\/logo\/image\/"},"sameAs":["https:\/\/www.facebook.com\/Laksmicrystal","https:\/\/www.instagram.com\/laksmicrystal\/"]}]}},"jetpack_sharing_enabled":true,"_links":{"self":[{"href":"https:\/\/www.staging.laksmicrystal.com\/en\/wp-json\/wp\/v2\/product\/4942","targetHints":{"allow":["GET"]}}],"collection":[{"href":"https:\/\/www.staging.laksmicrystal.com\/en\/wp-json\/wp\/v2\/product"}],"about":[{"href":"https:\/\/www.staging.laksmicrystal.com\/en\/wp-json\/wp\/v2\/types\/product"}],"wp:featuredmedia":[{"embeddable":true,"href":"https:\/\/www.staging.laksmicrystal.com\/en\/wp-json\/wp\/v2\/media\/4943"}],"wp:attachment":[{"href":"https:\/\/www.staging.laksmicrystal.com\/en\/wp-json\/wp\/v2\/media?parent=4942"}],"wp:term":[{"taxonomy":"product_brand","embeddable":true,"href":"https:\/\/www.staging.laksmicrystal.com\/en\/wp-json\/wp\/v2\/product_brand?post=4942"},{"taxonomy":"product_cat","embeddable":true,"href":"https:\/\/www.staging.laksmicrystal.com\/en\/wp-json\/wp\/v2\/product_cat?post=4942"},{"taxonomy":"product_tag","embeddable":true,"href":"https:\/\/www.staging.laksmicrystal.com\/en\/wp-json\/wp\/v2\/product_tag?post=4942"}],"curies":[{"name":"wp","href":"https:\/\/api.w.org\/{rel}","templated":true}]}}