{"id":4924,"date":"2023-09-20T15:10:43","date_gmt":"2023-09-20T13:10:43","guid":{"rendered":"https:\/\/www.staging.laksmicrystal.com\/?post_type=product&#038;p=4924"},"modified":"2023-09-21T15:24:53","modified_gmt":"2023-09-21T13:24:53","slug":"manganocalcite","status":"publish","type":"product","link":"https:\/\/www.staging.laksmicrystal.com\/en\/prodotto\/manganocalcite\/","title":{"rendered":"Manganocalcite"},"content":{"rendered":"<p><strong>Manganocalcite<\/strong><\/p>\n<p>Variet\u00e0 di calcite rosa che infonde pace e serenit\u00e0 poich\u00e9 rappresenta l\u2019amore materno, l&#8217;abbraccio della mamma, quindi l\u2019amore per s\u00e9 stessi e per tutti coloro che ci circondano in generale. Do<span class=\"TextRun SCXW113861019 BCX0\" lang=\"IT-IT\" xml:lang=\"IT-IT\" data-contrast=\"none\"><span class=\"NormalTextRun SCXW113861019 BCX0\">na quella tenerezza che spesso a noi manca, ci consola e ci ripara, pietra della tenerezza. <\/span><\/span>Aiuta a perdonare, liberandoci anche dalla paura di amare dovuta al dolore provato nel passato. Rinforza quindi chi \u00e8 sfiduciato in amore dando nuova linfa vitale e fiducia, attenuando il senso di perdita dopo la fine di un amore. Essendo della famiglia delle calciti aiuta a fare ci\u00f2 soprattutto a livello mentale, lasciando andare quelle idee e quei condizionamenti che non ci servono pi\u00f9. Soccorre inoltre coloro che hanno subito traumi e violenze.<\/p>\n<p>Consigliata alle neomamme, aumenta la montata del latte.<\/p>\n<p>&nbsp;<\/p>\n<p>Origine: Per\u00f9<\/p>\n<p>Peso: 279 gr.<\/p>\n","protected":false},"excerpt":{"rendered":"<p>Manganocalcite Variet\u00e0 di calcite rosa che infonde pace e serenit\u00e0 poich\u00e9 rappresenta l\u2019amore materno, l&#8217;abbraccio della mamma, quindi l\u2019amore per s\u00e9 stessi e per tutti coloro che ci circondano in generale. Dona quella tenerezza che spesso a noi manca, ci consola e ci ripara, pietra della tenerezza. Aiuta a perdonare, liberandoci anche dalla paura di [&hellip;]<\/p>\n","protected":false},"featured_media":4925,"template":"","meta":[],"product_brand":[],"product_cat":[18,100],"product_tag":[],"class_list":{"0":"post-4924","1":"product","2":"type-product","3":"status-publish","4":"has-post-thumbnail","6":"product_cat-cristalli","7":"product_cat-cristalli-rosa","9":"first","10":"instock","11":"sold-individually","12":"taxable","13":"shipping-taxable","14":"purchasable","15":"product-type-simple"},"yoast_head":"<!-- This site is optimized with the Yoast SEO plugin v25.5 - https:\/\/yoast.com\/wordpress\/plugins\/seo\/ -->\n<title>Manganocalcite | Laksmi Crystal<\/title>\n<meta name=\"robots\" content=\"noindex, follow, max-snippet:-1, max-image-preview:large, max-video-preview:-1\" \/>\n<meta property=\"og:locale\" content=\"en_US\" \/>\n<meta property=\"og:type\" content=\"article\" \/>\n<meta property=\"og:title\" content=\"Manganocalcite | Laksmi Crystal\" \/>\n<meta property=\"og:description\" content=\"Manganocalcite Variet\u00e0 di calcite rosa che infonde pace e serenit\u00e0 poich\u00e9 rappresenta l\u2019amore materno, l&#8217;abbraccio della mamma, quindi l\u2019amore per s\u00e9 stessi e per tutti coloro che ci circondano in generale. Dona quella tenerezza che spesso a noi manca, ci consola e ci ripara, pietra della tenerezza. Aiuta a perdonare, liberandoci anche dalla paura di [&hellip;]\" \/>\n<meta property=\"og:url\" content=\"https:\/\/www.staging.laksmicrystal.com\/prodotto\/manganocalcite\/\" \/>\n<meta property=\"og:site_name\" content=\"Laksmi Crystal\" \/>\n<meta property=\"article:publisher\" content=\"https:\/\/www.facebook.com\/Laksmicrystal\" \/>\n<meta property=\"article:modified_time\" content=\"2023-09-21T13:24:53+00:00\" \/>\n<meta property=\"og:image\" content=\"https:\/\/www.staging.laksmicrystal.com\/wp-content\/uploads\/2023\/09\/Manganocalcite-1.jpeg\" \/>\n\t<meta property=\"og:image:width\" content=\"576\" \/>\n\t<meta property=\"og:image:height\" content=\"1024\" \/>\n\t<meta property=\"og:image:type\" content=\"image\/jpeg\" \/>\n<meta name=\"twitter:card\" content=\"summary_large_image\" \/>\n<meta name=\"twitter:label1\" content=\"Est. reading time\" \/>\n\t<meta name=\"twitter:data1\" content=\"1 minute\" \/>\n<script type=\"application\/ld+json\" class=\"yoast-schema-graph\">{\"@context\":\"https:\/\/schema.org\",\"@graph\":[{\"@type\":\"WebPage\",\"@id\":\"https:\/\/www.staging.laksmicrystal.com\/prodotto\/manganocalcite\/\",\"url\":\"https:\/\/www.staging.laksmicrystal.com\/prodotto\/manganocalcite\/\",\"name\":\"Manganocalcite | Laksmi Crystal\",\"isPartOf\":{\"@id\":\"https:\/\/www.staging.laksmicrystal.com\/#website\"},\"primaryImageOfPage\":{\"@id\":\"https:\/\/www.staging.laksmicrystal.com\/prodotto\/manganocalcite\/#primaryimage\"},\"image\":{\"@id\":\"https:\/\/www.staging.laksmicrystal.com\/prodotto\/manganocalcite\/#primaryimage\"},\"thumbnailUrl\":\"https:\/\/i0.wp.com\/www.staging.laksmicrystal.com\/wp-content\/uploads\/2023\/09\/Manganocalcite-1.jpeg?fit=576%2C1024&ssl=1\",\"datePublished\":\"2023-09-20T13:10:43+00:00\",\"dateModified\":\"2023-09-21T13:24:53+00:00\",\"breadcrumb\":{\"@id\":\"https:\/\/www.staging.laksmicrystal.com\/prodotto\/manganocalcite\/#breadcrumb\"},\"inLanguage\":\"en-US\",\"potentialAction\":[{\"@type\":\"ReadAction\",\"target\":[\"https:\/\/www.staging.laksmicrystal.com\/prodotto\/manganocalcite\/\"]}]},{\"@type\":\"ImageObject\",\"inLanguage\":\"en-US\",\"@id\":\"https:\/\/www.staging.laksmicrystal.com\/prodotto\/manganocalcite\/#primaryimage\",\"url\":\"https:\/\/i0.wp.com\/www.staging.laksmicrystal.com\/wp-content\/uploads\/2023\/09\/Manganocalcite-1.jpeg?fit=576%2C1024&ssl=1\",\"contentUrl\":\"https:\/\/i0.wp.com\/www.staging.laksmicrystal.com\/wp-content\/uploads\/2023\/09\/Manganocalcite-1.jpeg?fit=576%2C1024&ssl=1\",\"width\":576,\"height\":1024},{\"@type\":\"BreadcrumbList\",\"@id\":\"https:\/\/www.staging.laksmicrystal.com\/prodotto\/manganocalcite\/#breadcrumb\",\"itemListElement\":[{\"@type\":\"ListItem\",\"position\":1,\"name\":\"Home\",\"item\":\"https:\/\/www.staging.laksmicrystal.com\/en\/home\/\"},{\"@type\":\"ListItem\",\"position\":2,\"name\":\"Shop\",\"item\":\"https:\/\/www.staging.laksmicrystal.com\/en\/shop\/\"},{\"@type\":\"ListItem\",\"position\":3,\"name\":\"Manganocalcite\"}]},{\"@type\":\"WebSite\",\"@id\":\"https:\/\/www.staging.laksmicrystal.com\/#website\",\"url\":\"https:\/\/www.staging.laksmicrystal.com\/\",\"name\":\"Laksmi Crystal\",\"description\":\"Eleva il tuo stile di vita\",\"publisher\":{\"@id\":\"https:\/\/www.staging.laksmicrystal.com\/#organization\"},\"potentialAction\":[{\"@type\":\"SearchAction\",\"target\":{\"@type\":\"EntryPoint\",\"urlTemplate\":\"https:\/\/www.staging.laksmicrystal.com\/?s={search_term_string}\"},\"query-input\":{\"@type\":\"PropertyValueSpecification\",\"valueRequired\":true,\"valueName\":\"search_term_string\"}}],\"inLanguage\":\"en-US\"},{\"@type\":\"Organization\",\"@id\":\"https:\/\/www.staging.laksmicrystal.com\/#organization\",\"name\":\"Laksmi Crystal\",\"url\":\"https:\/\/www.staging.laksmicrystal.com\/\",\"logo\":{\"@type\":\"ImageObject\",\"inLanguage\":\"en-US\",\"@id\":\"https:\/\/www.staging.laksmicrystal.com\/#\/schema\/logo\/image\/\",\"url\":\"https:\/\/i0.wp.com\/laksmicrystal.com\/wp-content\/uploads\/2021\/08\/favicon-laksmi-02.png?fit=512%2C513&ssl=1\",\"contentUrl\":\"https:\/\/i0.wp.com\/laksmicrystal.com\/wp-content\/uploads\/2021\/08\/favicon-laksmi-02.png?fit=512%2C513&ssl=1\",\"width\":512,\"height\":513,\"caption\":\"Laksmi Crystal\"},\"image\":{\"@id\":\"https:\/\/www.staging.laksmicrystal.com\/#\/schema\/logo\/image\/\"},\"sameAs\":[\"https:\/\/www.facebook.com\/Laksmicrystal\",\"https:\/\/www.instagram.com\/laksmicrystal\/\"]}]}<\/script>\n<!-- \/ Yoast SEO plugin. -->","yoast_head_json":{"title":"Manganocalcite | Laksmi Crystal","robots":{"index":"noindex","follow":"follow","max-snippet":"max-snippet:-1","max-image-preview":"max-image-preview:large","max-video-preview":"max-video-preview:-1"},"og_locale":"en_US","og_type":"article","og_title":"Manganocalcite | Laksmi Crystal","og_description":"Manganocalcite Variet\u00e0 di calcite rosa che infonde pace e serenit\u00e0 poich\u00e9 rappresenta l\u2019amore materno, l&#8217;abbraccio della mamma, quindi l\u2019amore per s\u00e9 stessi e per tutti coloro che ci circondano in generale. Dona quella tenerezza che spesso a noi manca, ci consola e ci ripara, pietra della tenerezza. Aiuta a perdonare, liberandoci anche dalla paura di [&hellip;]","og_url":"https:\/\/www.staging.laksmicrystal.com\/prodotto\/manganocalcite\/","og_site_name":"Laksmi Crystal","article_publisher":"https:\/\/www.facebook.com\/Laksmicrystal","article_modified_time":"2023-09-21T13:24:53+00:00","og_image":[{"width":576,"height":1024,"url":"https:\/\/www.staging.laksmicrystal.com\/wp-content\/uploads\/2023\/09\/Manganocalcite-1.jpeg","type":"image\/jpeg"}],"twitter_card":"summary_large_image","twitter_misc":{"Est. reading time":"1 minute"},"schema":{"@context":"https:\/\/schema.org","@graph":[{"@type":"WebPage","@id":"https:\/\/www.staging.laksmicrystal.com\/prodotto\/manganocalcite\/","url":"https:\/\/www.staging.laksmicrystal.com\/prodotto\/manganocalcite\/","name":"Manganocalcite | Laksmi Crystal","isPartOf":{"@id":"https:\/\/www.staging.laksmicrystal.com\/#website"},"primaryImageOfPage":{"@id":"https:\/\/www.staging.laksmicrystal.com\/prodotto\/manganocalcite\/#primaryimage"},"image":{"@id":"https:\/\/www.staging.laksmicrystal.com\/prodotto\/manganocalcite\/#primaryimage"},"thumbnailUrl":"https:\/\/i0.wp.com\/www.staging.laksmicrystal.com\/wp-content\/uploads\/2023\/09\/Manganocalcite-1.jpeg?fit=576%2C1024&ssl=1","datePublished":"2023-09-20T13:10:43+00:00","dateModified":"2023-09-21T13:24:53+00:00","breadcrumb":{"@id":"https:\/\/www.staging.laksmicrystal.com\/prodotto\/manganocalcite\/#breadcrumb"},"inLanguage":"en-US","potentialAction":[{"@type":"ReadAction","target":["https:\/\/www.staging.laksmicrystal.com\/prodotto\/manganocalcite\/"]}]},{"@type":"ImageObject","inLanguage":"en-US","@id":"https:\/\/www.staging.laksmicrystal.com\/prodotto\/manganocalcite\/#primaryimage","url":"https:\/\/i0.wp.com\/www.staging.laksmicrystal.com\/wp-content\/uploads\/2023\/09\/Manganocalcite-1.jpeg?fit=576%2C1024&ssl=1","contentUrl":"https:\/\/i0.wp.com\/www.staging.laksmicrystal.com\/wp-content\/uploads\/2023\/09\/Manganocalcite-1.jpeg?fit=576%2C1024&ssl=1","width":576,"height":1024},{"@type":"BreadcrumbList","@id":"https:\/\/www.staging.laksmicrystal.com\/prodotto\/manganocalcite\/#breadcrumb","itemListElement":[{"@type":"ListItem","position":1,"name":"Home","item":"https:\/\/www.staging.laksmicrystal.com\/en\/home\/"},{"@type":"ListItem","position":2,"name":"Shop","item":"https:\/\/www.staging.laksmicrystal.com\/en\/shop\/"},{"@type":"ListItem","position":3,"name":"Manganocalcite"}]},{"@type":"WebSite","@id":"https:\/\/www.staging.laksmicrystal.com\/#website","url":"https:\/\/www.staging.laksmicrystal.com\/","name":"Laksmi Crystal","description":"Eleva il tuo stile di vita","publisher":{"@id":"https:\/\/www.staging.laksmicrystal.com\/#organization"},"potentialAction":[{"@type":"SearchAction","target":{"@type":"EntryPoint","urlTemplate":"https:\/\/www.staging.laksmicrystal.com\/?s={search_term_string}"},"query-input":{"@type":"PropertyValueSpecification","valueRequired":true,"valueName":"search_term_string"}}],"inLanguage":"en-US"},{"@type":"Organization","@id":"https:\/\/www.staging.laksmicrystal.com\/#organization","name":"Laksmi Crystal","url":"https:\/\/www.staging.laksmicrystal.com\/","logo":{"@type":"ImageObject","inLanguage":"en-US","@id":"https:\/\/www.staging.laksmicrystal.com\/#\/schema\/logo\/image\/","url":"https:\/\/i0.wp.com\/laksmicrystal.com\/wp-content\/uploads\/2021\/08\/favicon-laksmi-02.png?fit=512%2C513&ssl=1","contentUrl":"https:\/\/i0.wp.com\/laksmicrystal.com\/wp-content\/uploads\/2021\/08\/favicon-laksmi-02.png?fit=512%2C513&ssl=1","width":512,"height":513,"caption":"Laksmi Crystal"},"image":{"@id":"https:\/\/www.staging.laksmicrystal.com\/#\/schema\/logo\/image\/"},"sameAs":["https:\/\/www.facebook.com\/Laksmicrystal","https:\/\/www.instagram.com\/laksmicrystal\/"]}]}},"jetpack_sharing_enabled":true,"_links":{"self":[{"href":"https:\/\/www.staging.laksmicrystal.com\/en\/wp-json\/wp\/v2\/product\/4924","targetHints":{"allow":["GET"]}}],"collection":[{"href":"https:\/\/www.staging.laksmicrystal.com\/en\/wp-json\/wp\/v2\/product"}],"about":[{"href":"https:\/\/www.staging.laksmicrystal.com\/en\/wp-json\/wp\/v2\/types\/product"}],"wp:featuredmedia":[{"embeddable":true,"href":"https:\/\/www.staging.laksmicrystal.com\/en\/wp-json\/wp\/v2\/media\/4925"}],"wp:attachment":[{"href":"https:\/\/www.staging.laksmicrystal.com\/en\/wp-json\/wp\/v2\/media?parent=4924"}],"wp:term":[{"taxonomy":"product_brand","embeddable":true,"href":"https:\/\/www.staging.laksmicrystal.com\/en\/wp-json\/wp\/v2\/product_brand?post=4924"},{"taxonomy":"product_cat","embeddable":true,"href":"https:\/\/www.staging.laksmicrystal.com\/en\/wp-json\/wp\/v2\/product_cat?post=4924"},{"taxonomy":"product_tag","embeddable":true,"href":"https:\/\/www.staging.laksmicrystal.com\/en\/wp-json\/wp\/v2\/product_tag?post=4924"}],"curies":[{"name":"wp","href":"https:\/\/api.w.org\/{rel}","templated":true}]}}